{"id":2644,"date":"2020-07-28T13:08:34","date_gmt":"2020-07-28T13:08:34","guid":{"rendered":"https:\/\/www.saipol.com\/about-us\/nos-implantations\/"},"modified":"2026-02-02T09:52:50","modified_gmt":"2026-02-02T09:52:50","slug":"our-locations","status":"publish","type":"page","link":"https:\/\/www.saipol.com\/en\/about-us\/our-locations\/","title":{"rendered":"\u2013&nbsp;Our locations&nbsp;\u2013"},"content":{"rendered":"<div class=\"wpb-content-wrapper\"><p>[vc_row el_class=&#8221;l-wrapper m&#8211;small&#8221;][vc_column][vc_column_text css=&#8221;&#8221;]<\/p>\n<p style=\"text-align: center;\">Saipol&#8217;s administrative and commercial teams are spread over four sites in Grand-Couronne, Paris (La D\u00e9fense during the works carried out until 2022), Asni\u00e8res and Barcelona.<\/p>\n<p>[\/vc_column_text][\/vc_column][\/vc_row][vc_row][vc_column]\n  <div class=\"our-sites\">\n    <div class=\"our-sites__map-container\">\n      <div class=\"l-wrapper\">\n        <div class=\"our-sites__legend\">\n          <div class=\"our-sites__type orange square\">Administrative site<\/div><div class=\"our-sites__type  \">Industrial site<\/div>        <\/div>\n\n        <div class=\"our-sites__map\">\n          <img decoding=\"async\" src=\"\/themes\/saipol\/assets\/images\/layout\/nos-implantations.svg\" alt=\"Nos implantations\">\n        <\/div>\n      <\/div>\n    <\/div>\n    <div class=\"our-sites__infos m--shadow\">\n      <div class=\"our-sites__list\">\n                  \n          <div class=\"osl__site \" id=\"site-2642\" data-pin-x=\"68\" data-pin-y=\"27\" data-pin-class=\" \">\n            <div class=\"osl__title\">Le M\u00e9riot<\/div>\n            <div class=\"osl__type\"><\/div>\n          <\/div>\n\n\n                  \n          <div class=\"osl__site \" id=\"site-2670\" data-pin-x=\"41\" data-pin-y=\"16\" data-pin-class=\" \">\n            <div class=\"osl__title\">Grand-Couronne - Plant<\/div>\n            <div class=\"osl__type\"><\/div>\n          <\/div>\n\n\n                  \n          <div class=\"osl__site orange\" id=\"site-2672\" data-pin-x=\"42\" data-pin-y=\"17\" data-pin-class=\"orange square\">\n            <div class=\"osl__title\">Grand-Couronne \u2013  Central services (administrative)<\/div>\n            <div class=\"osl__type\">Administrative site<\/div>\n          <\/div>\n\n\n                  \n          <div class=\"osl__site orange\" id=\"site-2674\" data-pin-x=\"54\" data-pin-y=\"21\" data-pin-class=\"orange square\">\n            <div class=\"osl__title\">Paris \u2013 Head office<\/div>\n            <div class=\"osl__type\">Administrative site<\/div>\n          <\/div>\n\n\n                  \n          <div class=\"osl__site \" id=\"site-2680\" data-pin-x=\"30\" data-pin-y=\"57\" data-pin-class=\" \">\n            <div class=\"osl__title\">Bassens<\/div>\n            <div class=\"osl__type\"><\/div>\n          <\/div>\n\n\n                  \n          <div class=\"osl__site \" id=\"site-2682\" data-pin-x=\"65\" data-pin-y=\"53\" data-pin-class=\" \">\n            <div class=\"osl__title\">Lezoux<\/div>\n            <div class=\"osl__type\"><\/div>\n          <\/div>\n\n\n                  \n          <div class=\"osl__site \" id=\"site-2684\" data-pin-x=\"64\" data-pin-y=\"75\" data-pin-class=\" \">\n            <div class=\"osl__title\">S\u00e8te<\/div>\n            <div class=\"osl__type\"><\/div>\n          <\/div>\n\n\n                  \n          <div class=\"osl__site orange\" id=\"site-3277\" data-pin-x=\"50\" data-pin-y=\"100\" data-pin-class=\"orange square\">\n            <div class=\"osl__title\">Barcelona<\/div>\n            <div class=\"osl__type\">Administrative site<\/div>\n          <\/div>\n\n\n                  \n          <div class=\"osl__site \" id=\"site-12876\" data-pin-x=\"77\" data-pin-y=\"19\" data-pin-class=\" \">\n            <div class=\"osl__title\">Verdun<\/div>\n            <div class=\"osl__type\"><\/div>\n          <\/div>\n\n\n              <\/div>\n      <div class=\"our-sites__details-container\">\n        <button class=\"our-sites__return\">See all our locations<\/button>\n        <div class=\"our-sites__details\">\n                      <div class=\"osd__site\" id=\"sitedesc-2642\">\n              <div class=\"osd__title h2-like\">Le M\u00e9riot<\/div>\n              <div class=\"osd__type\"><\/div>              <div class=\"osd__infos\">\n                <div class=\"osd__address-container\">\n                  <svg role=\"img\" class=\"svg-icon icon-pin \"><use xlink:href=\"https:\/\/www.saipol.com\/themes\/saipol\/assets\/images\/pictos\/misc.sprite.svg?v=2025062302#icon-pin\"><\/use><\/svg>                  <div class=\"osd__address\">\n                    Les Essarts                  <\/div>\n                  <div class=\"osd__city\">\n                    10 400                    Le M\u00e9riot                  <\/div>\n                <\/div>\n                <div class=\"osd__tel\"><a href=\"tel:+33325252550\"><svg role=\"img\" class=\"svg-icon icon-tel \"><use xlink:href=\"https:\/\/www.saipol.com\/themes\/saipol\/assets\/images\/pictos\/misc.sprite.svg?v=2025062302#icon-tel\"><\/use><\/svg> 03 25 25 25 50<\/a><\/div>\n                <div class=\"osd__content\">\n                  <div class=\"osd__content-title\">Presentation<\/div>\n                  The Saipol plant in Le M\u00e9riot specialises in the processing of rapeseed. Located in the heart of the rapeseed production areas, the site only processes seeds of French origin.<br \/>\r\nThe main products of the site\u202frapeseed cake, crude vegetable oils, rapeseed lecithin, Oleo100, biodiesel, crude vegetable glycerine                <\/div>\n              <\/div>\n                          <\/div>\n                      <div class=\"osd__site\" id=\"sitedesc-2670\">\n              <div class=\"osd__title h2-like\">Grand-Couronne - Plant<\/div>\n              <div class=\"osd__type\"><\/div>              <div class=\"osd__infos\">\n                <div class=\"osd__address-container\">\n                  <svg role=\"img\" class=\"svg-icon icon-pin \"><use xlink:href=\"https:\/\/www.saipol.com\/themes\/saipol\/assets\/images\/pictos\/misc.sprite.svg?v=2025062302#icon-pin\"><\/use><\/svg>                  <div class=\"osd__address\">\n                    Boulevard maritime                  <\/div>\n                  <div class=\"osd__city\">\n                    76530                     Grand-Couronne                  <\/div>\n                <\/div>\n                <div class=\"osd__tel\"><a href=\"tel:+33235182323\"><svg role=\"img\" class=\"svg-icon icon-tel \"><use xlink:href=\"https:\/\/www.saipol.com\/themes\/saipol\/assets\/images\/pictos\/misc.sprite.svg?v=2025062302#icon-tel\"><\/use><\/svg> 02 35 18 23 23 <\/a><\/div>\n                <div class=\"osd__content\">\n                  <div class=\"osd__content-title\">Presentation<\/div>\n                  The Saipol plant in Grand-Couronne specialises in the processing of rapeseed and other oilseeds (erucic rapeseed grown in the region, etc.) for the production of vegetable oils for food, proteins for animal feed (meal), renewable energy (Oleo100, biodiesel) and vegetable glycerine.<br \/>\r\n<br \/>\r\nThe site\u202fprocesses almost one million tonnes of rapeseed and other oilseeds per year. The industrial site\u2019s energy is produced by the BioCogelyo Normandie biomass cogeneration plant.                 <\/div>\n              <\/div>\n                          <\/div>\n                      <div class=\"osd__site\" id=\"sitedesc-2672\">\n              <div class=\"osd__title h2-like\">Grand-Couronne \u2013  Central services (administrative)<\/div>\n              <div class=\"osd__type\">Administrative site<\/div>              <div class=\"osd__infos\">\n                <div class=\"osd__address-container\">\n                  <svg role=\"img\" class=\"svg-icon icon-pin \"><use xlink:href=\"https:\/\/www.saipol.com\/themes\/saipol\/assets\/images\/pictos\/misc.sprite.svg?v=2025062302#icon-pin\"><\/use><\/svg>                  <div class=\"osd__address\">\n                    Boulevard maritime                  <\/div>\n                  <div class=\"osd__city\">\n                    76 530                    Grand-Couronne                  <\/div>\n                <\/div>\n                <div class=\"osd__tel\"><a href=\"tel:+33235185510\"><svg role=\"img\" class=\"svg-icon icon-tel \"><use xlink:href=\"https:\/\/www.saipol.com\/themes\/saipol\/assets\/images\/pictos\/misc.sprite.svg?v=2025062302#icon-tel\"><\/use><\/svg> 02 35 18 55 10<\/a><\/div>\n                <div class=\"osd__content\">\n                  <div class=\"osd__content-title\">Presentation<\/div>\n                  The services of the administrative headquarters are spread over the sites of Grand-Couronne, Paris and Asni\u00e8res-sur-Seine and bring together the support functions of Saipol. The administrative site in Grand-Couronne is home to most of Saipol\u2019s support functions.<br \/>\r\n<br \/>\r\nVisiting us on this site? Find out about <a href=\"https:\/\/www.saipol.com\/uploads\/2025\/02\/Consignes-Securite-Environnement-SAIPOL-Scx.pdf\" target=\"_blank\" rel=\"noopener\">our safety and environmental rules.<\/a>                <\/div>\n              <\/div>\n                          <\/div>\n                      <div class=\"osd__site\" id=\"sitedesc-2674\">\n              <div class=\"osd__title h2-like\">Paris \u2013 Head office<\/div>\n              <div class=\"osd__type\">Administrative site<\/div>              <div class=\"osd__infos\">\n                <div class=\"osd__address-container\">\n                  <svg role=\"img\" class=\"svg-icon icon-pin \"><use xlink:href=\"https:\/\/www.saipol.com\/themes\/saipol\/assets\/images\/pictos\/misc.sprite.svg?v=2025062302#icon-pin\"><\/use><\/svg>                  <div class=\"osd__address\">\n                    11 Rue de Monceau                  <\/div>\n                  <div class=\"osd__city\">\n                    75 008                    Paris                  <\/div>\n                <\/div>\n                <div class=\"osd__tel\"><a href=\"tel:+33141458100\"><svg role=\"img\" class=\"svg-icon icon-tel \"><use xlink:href=\"https:\/\/www.saipol.com\/themes\/saipol\/assets\/images\/pictos\/misc.sprite.svg?v=2025062302#icon-tel\"><\/use><\/svg> 01 41 45 81 00<\/a><\/div>\n                <div class=\"osd__content\">\n                  <div class=\"osd__content-title\">Presentation<\/div>\n                  The services of the administrative headquarters are spread over the sites of Grand-Couronne, Paris and Asni\u00e8res-sur-Seine and bring together the support functions of Saipol. The Paris site hosts the sales teams for Saipol\u2019s renewable energy activities: biodiesel, pre-treated oils and Oleo100.                <\/div>\n              <\/div>\n                          <\/div>\n                      <div class=\"osd__site\" id=\"sitedesc-2680\">\n              <div class=\"osd__title h2-like\">Bassens<\/div>\n              <div class=\"osd__type\"><\/div>              <div class=\"osd__infos\">\n                <div class=\"osd__address-container\">\n                  <svg role=\"img\" class=\"svg-icon icon-pin \"><use xlink:href=\"https:\/\/www.saipol.com\/themes\/saipol\/assets\/images\/pictos\/misc.sprite.svg?v=2025062302#icon-pin\"><\/use><\/svg>                  <div class=\"osd__address\">\n                    5 Avenue Bellerive des Moines                  <\/div>\n                  <div class=\"osd__city\">\n                    33 530                    Bassens                  <\/div>\n                <\/div>\n                <div class=\"osd__tel\"><a href=\"tel:+33557808750\"><svg role=\"img\" class=\"svg-icon icon-tel \"><use xlink:href=\"https:\/\/www.saipol.com\/themes\/saipol\/assets\/images\/pictos\/misc.sprite.svg?v=2025062302#icon-tel\"><\/use><\/svg> 05 57 80 87 50<\/a><\/div>\n                <div class=\"osd__content\">\n                  <div class=\"osd__content-title\">Presentation<\/div>\n                  The Saipol plant in Bassens is part of an agro-industrial division of the Avril Group, which handles seed processing to bottling in the South-West region. Saipol is responsible for the primary processing of rapeseed and sunflower seeds, and Lesieur is responsible for the packaging of refined oils.<br \/>\r\n<br \/>\r\nAt Bassens, Saipol transforms around 700,000 tonnes of rapeseed and sunflower seeds into\u202fedible vegetable oils, protein-rich meal for animal feed, sunflower lecithin, Diester biodiesel, vegetable glycerine, sunflower husks.<br \/>\r\n<br \/>\r\nThe plant produces its own energy from the combustion in a biomass boiler of sunflower husks obtained during the hulling of the seeds before processing.                <\/div>\n              <\/div>\n                          <\/div>\n                      <div class=\"osd__site\" id=\"sitedesc-2682\">\n              <div class=\"osd__title h2-like\">Lezoux<\/div>\n              <div class=\"osd__type\"><\/div>              <div class=\"osd__infos\">\n                <div class=\"osd__address-container\">\n                  <svg role=\"img\" class=\"svg-icon icon-pin \"><use xlink:href=\"https:\/\/www.saipol.com\/themes\/saipol\/assets\/images\/pictos\/misc.sprite.svg?v=2025062302#icon-pin\"><\/use><\/svg>                  <div class=\"osd__address\">\n                    Place des Curins                  <\/div>\n                  <div class=\"osd__city\">\n                    63 190                    Lezoux                  <\/div>\n                <\/div>\n                <div class=\"osd__tel\"><a href=\"tel:+334\u202f73732000\"><svg role=\"img\" class=\"svg-icon icon-tel \"><use xlink:href=\"https:\/\/www.saipol.com\/themes\/saipol\/assets\/images\/pictos\/misc.sprite.svg?v=2025062302#icon-tel\"><\/use><\/svg> 04\u202f73 73 20 00<\/a><\/div>\n                <div class=\"osd__content\">\n                  <div class=\"osd__content-title\">Presentation<\/div>\n                  Located in the heart of the Auvergne region, the Lezoux plant specialises in processing French sunflower into crude vegetable oils, which are then refined into edible oils at Saipol\u2019s other plants, and into protein-rich meal for livestock feed.<br \/>\r\n<br \/>\r\nThe plant produces its own energy from the combustion in a biomass boiler of sunflower husks obtained when the seeds are hulled before processing.                <\/div>\n              <\/div>\n                          <\/div>\n                      <div class=\"osd__site\" id=\"sitedesc-2684\">\n              <div class=\"osd__title h2-like\">S\u00e8te<\/div>\n              <div class=\"osd__type\"><\/div>              <div class=\"osd__infos\">\n                <div class=\"osd__address-container\">\n                  <svg role=\"img\" class=\"svg-icon icon-pin \"><use xlink:href=\"https:\/\/www.saipol.com\/themes\/saipol\/assets\/images\/pictos\/misc.sprite.svg?v=2025062302#icon-pin\"><\/use><\/svg>                  <div class=\"osd__address\">\n                    Zone industrielle Portuaire - Quai J BP 423                  <\/div>\n                  <div class=\"osd__city\">\n                    34 204                    S\u00e8te C\u00e9dex                  <\/div>\n                <\/div>\n                <div class=\"osd__tel\"><a href=\"tel:+33467467200\"><svg role=\"img\" class=\"svg-icon icon-tel \"><use xlink:href=\"https:\/\/www.saipol.com\/themes\/saipol\/assets\/images\/pictos\/misc.sprite.svg?v=2025062302#icon-tel\"><\/use><\/svg> 04 67 46 72 00<\/a><\/div>\n                <div class=\"osd__content\">\n                  <div class=\"osd__content-title\">Presentation<\/div>\n                  The Saipol plant in S\u00e8te is mainly specialised in the processing of imported rapeseed. This site processes more than 600,000 tonnes of rapeseed into crude vegetable oils, biodiesel, rapeseed cake and crude vegetable glycerine.<br \/>\r\n<br \/>\r\nThe industrial site is powered by steam produced by the S\u00e8te Agglopole M\u00e9diterran\u00e9e\u2019s Energy Recovery Unit (UVE) and its own biomass boiler using sunflower husks produced at the Saipol factory in Bassens.                <\/div>\n              <\/div>\n                          <\/div>\n                      <div class=\"osd__site\" id=\"sitedesc-3277\">\n              <div class=\"osd__title h2-like\">Barcelona<\/div>\n              <div class=\"osd__type\">Administrative site<\/div>              <div class=\"osd__infos\">\n                <div class=\"osd__address-container\">\n                  <svg role=\"img\" class=\"svg-icon icon-pin \"><use xlink:href=\"https:\/\/www.saipol.com\/themes\/saipol\/assets\/images\/pictos\/misc.sprite.svg?v=2025062302#icon-pin\"><\/use><\/svg>                  <div class=\"osd__address\">\n                    Avenida Diagonal 415, 5a Planta                  <\/div>\n                  <div class=\"osd__city\">\n                    08008                    Barcelona                  <\/div>\n                <\/div>\n                <div class=\"osd__tel\"><a href=\"tel:+34933681734\"><svg role=\"img\" class=\"svg-icon icon-tel \"><use xlink:href=\"https:\/\/www.saipol.com\/themes\/saipol\/assets\/images\/pictos\/misc.sprite.svg?v=2025062302#icon-tel\"><\/use><\/svg> +34 933 681 734<\/a><\/div>\n                <div class=\"osd__content\">\n                  <div class=\"osd__content-title\">Presentation<\/div>\n                  Commercial office for the purchase\/trade of rapeseed and sunflower seeds, sale of protein-rich oil cakes and vegetable oils for Spain and Portugal.                <\/div>\n              <\/div>\n                          <\/div>\n                      <div class=\"osd__site\" id=\"sitedesc-12876\">\n              <div class=\"osd__title h2-like\">Verdun<\/div>\n              <div class=\"osd__type\"><\/div>              <div class=\"osd__infos\">\n                <div class=\"osd__address-container\">\n                  <svg role=\"img\" class=\"svg-icon icon-pin \"><use xlink:href=\"https:\/\/www.saipol.com\/themes\/saipol\/assets\/images\/pictos\/misc.sprite.svg?v=2025062302#icon-pin\"><\/use><\/svg>                  <div class=\"osd__address\">\n                    Z.I. de Baleycourt - CS 10095                  <\/div>\n                  <div class=\"osd__city\">\n                    55103                     Verdun                  <\/div>\n                <\/div>\n                <div class=\"osd__tel\"><a href=\"tel:+33329833200\"><svg role=\"img\" class=\"svg-icon icon-tel \"><use xlink:href=\"https:\/\/www.saipol.com\/themes\/saipol\/assets\/images\/pictos\/misc.sprite.svg?v=2025062302#icon-tel\"><\/use><\/svg> 03 29 83 32 00<\/a><\/div>\n                <div class=\"osd__content\">\n                  <div class=\"osd__content-title\">Presentation<\/div>\n                  <p data-start=\"0\" data-end=\"220\">Acquired by Saipol in 2026, the Verdun site specializes in processing locally grown rapeseed into a wide range of products for different markets: agri-food, animal nutrition, renewable energies, and various industries. In particular, the site produces edible rapeseed oil, protein-rich meals, biodiesel, and crude vegetable glycerine.<\/p>                <\/div>\n              <\/div>\n                          <\/div>\n                  <\/div>\n      <\/div>\n    <\/div>\n\n  <\/div>\n\n  [\/vc_column][\/vc_row]<\/p>\n<\/div>","protected":false},"excerpt":{"rendered":"<p>[vc_row el_class=&#8221;l-wrapper m&#8211;small&#8221;][vc_column][vc_column_text css=&#8221;&#8221;] Saipol&#8217;s administrative and commercial teams are spread over four sites in Grand-Couronne, Paris (La D\u00e9fense during the works carried out until 2022), Asni\u00e8res and Barcelona. [\/vc_column_text][\/vc_column][\/vc_row][vc_row][vc_column][\/vc_column][\/vc_row]<\/p>\n","protected":false},"author":1,"featured_media":0,"parent":2627,"menu_order":0,"comment_status":"closed","ping_status":"closed","template":"","meta":{"_acf_changed":false,"footnotes":""},"class_list":["post-2644","page","type-page","status-publish","hentry"],"acf":[],"_links":{"self":[{"href":"https:\/\/www.saipol.com\/en\/wp-json\/wp\/v2\/pages\/2644","targetHints":{"allow":["GET"]}}],"collection":[{"href":"https:\/\/www.saipol.com\/en\/wp-json\/wp\/v2\/pages"}],"about":[{"href":"https:\/\/www.saipol.com\/en\/wp-json\/wp\/v2\/types\/page"}],"author":[{"embeddable":true,"href":"https:\/\/www.saipol.com\/en\/wp-json\/wp\/v2\/users\/1"}],"replies":[{"embeddable":true,"href":"https:\/\/www.saipol.com\/en\/wp-json\/wp\/v2\/comments?post=2644"}],"version-history":[{"count":3,"href":"https:\/\/www.saipol.com\/en\/wp-json\/wp\/v2\/pages\/2644\/revisions"}],"predecessor-version":[{"id":12875,"href":"https:\/\/www.saipol.com\/en\/wp-json\/wp\/v2\/pages\/2644\/revisions\/12875"}],"up":[{"embeddable":true,"href":"https:\/\/www.saipol.com\/en\/wp-json\/wp\/v2\/pages\/2627"}],"wp:attachment":[{"href":"https:\/\/www.saipol.com\/en\/wp-json\/wp\/v2\/media?parent=2644"}],"curies":[{"name":"wp","href":"https:\/\/api.w.org\/{rel}","templated":true}]}}